{"id":861,"date":"2024-09-13T01:49:23","date_gmt":"2024-09-13T01:49:23","guid":{"rendered":"https:\/\/alvesrasteiro.staging.monade.tech\/?page_id=861"},"modified":"2026-03-04T12:35:49","modified_gmt":"2026-03-04T12:35:49","slug":"carrinho","status":"publish","type":"page","link":"https:\/\/alvesrasteiro.pt\/en\/carrinho\/","title":{"rendered":"Carrinho"},"content":{"rendered":"<div data-elementor-type=\"wp-page\" data-elementor-id=\"861\" class=\"elementor elementor-861\" data-elementor-post-type=\"page\">\n\t\t\t\t<div class=\"elementor-element elementor-element-4a18258 e-flex e-con-boxed e-con e-parent\" data-id=\"4a18258\" data-element_type=\"container\">\n\t\t\t\t\t<div class=\"e-con-inner\">\n\t\t\t\t\t<\/div>\n\t\t\t\t<\/div>\n\t\t\t\t<\/div>","protected":false},"excerpt":{"rendered":"<p>Remover este item Imagem em miniatura Produto Pre\u00e7o Quantidade Subtotal &times; Servi\u00e7os Municipais de Prote\u00e7\u00e3o Civil \u2013 Inicia\u00e7\u00e3o 320&euro; Quantidade de Servi\u00e7os Municipais de Prote\u00e7\u00e3o Civil \u2013 Inicia\u00e7\u00e3o 320&euro; Atualizar Insira o c\u00f3digo promocional RESUMO Subtotal 320&euro; Total 320&euro; CHECKOUT<\/p>","protected":false},"author":2,"featured_media":0,"parent":0,"menu_order":0,"comment_status":"closed","ping_status":"closed","template":"","meta":{"_acf_changed":false,"footnotes":""},"class_list":["post-861","page","type-page","status-publish","hentry"],"acf":[],"_links":{"self":[{"href":"https:\/\/alvesrasteiro.pt\/en\/wp-json\/wp\/v2\/pages\/861","targetHints":{"allow":["GET"]}}],"collection":[{"href":"https:\/\/alvesrasteiro.pt\/en\/wp-json\/wp\/v2\/pages"}],"about":[{"href":"https:\/\/alvesrasteiro.pt\/en\/wp-json\/wp\/v2\/types\/page"}],"author":[{"embeddable":true,"href":"https:\/\/alvesrasteiro.pt\/en\/wp-json\/wp\/v2\/users\/2"}],"replies":[{"embeddable":true,"href":"https:\/\/alvesrasteiro.pt\/en\/wp-json\/wp\/v2\/comments?post=861"}],"version-history":[{"count":0,"href":"https:\/\/alvesrasteiro.pt\/en\/wp-json\/wp\/v2\/pages\/861\/revisions"}],"wp:attachment":[{"href":"https:\/\/alvesrasteiro.pt\/en\/wp-json\/wp\/v2\/media?parent=861"}],"curies":[{"name":"wp","href":"https:\/\/api.w.org\/{rel}","templated":true}]}}