{"id":4424,"date":"2025-11-19T14:07:41","date_gmt":"2025-11-19T14:07:41","guid":{"rendered":"https:\/\/alvesrasteiro.pt\/?page_id=4424"},"modified":"2026-03-17T14:32:38","modified_gmt":"2026-03-17T14:32:38","slug":"seguranca-contra-incendio-em-edificios-para-tecnicos-municipais-de-1a-categoria-de-risco","status":"publish","type":"page","link":"https:\/\/alvesrasteiro.pt\/en\/seguranca-contra-incendio-em-edificios-para-tecnicos-municipais-de-1a-categoria-de-risco\/","title":{"rendered":"Fire Safety in Buildings for Municipal Technicians of 1st risk category"},"content":{"rendered":"<div data-elementor-type=\"wp-page\" data-elementor-id=\"4424\" class=\"elementor elementor-4424\" data-elementor-post-type=\"page\">\n\t\t\t\t<div class=\"elementor-element elementor-element-297ee5c e-flex e-con-boxed e-con e-parent\" data-id=\"297ee5c\" data-element_type=\"container\">\n\t\t\t\t\t<div class=\"e-con-inner\">\n\t\t\t\t\t<\/div>\n\t\t\t\t<\/div>\n\t\t<div class=\"elementor-element elementor-element-5bfb0cb e-flex e-con-boxed e-con e-parent\" data-id=\"5bfb0cb\" data-element_type=\"container\">\n\t\t\t\t\t<div class=\"e-con-inner\">\n\t\t\t\t<div class=\"elementor-element elementor-element-ff08885 elementor-widget elementor-widget-html\" data-id=\"ff08885\" data-element_type=\"widget\" data-widget_type=\"html.default\">\n\t\t\t\t<div class=\"elementor-widget-container\">\n\t\t\t\t\t<link href=\"https:\/\/fonts.googleapis.com\/css2?family=Montserrat:wght@700&display=swap\" rel=\"stylesheet\">\r\n\r\n<style>\r\n.ar-wrapper {\r\n    font-family: 'Montserrat', sans-serif;\r\n    color: #333;\r\n    max-width: 1100px;\r\n    margin: 20px auto;\r\n}\r\n\r\n\/* Card Principal *\/\r\n.ar-main-card {\r\n    display: flex;\r\n    flex-wrap: wrap;\r\n    background: #fff;\r\n    border-radius: 12px;\r\n    box-shadow: 0 8px 24px rgba(0,0,0,0.1);\r\n    margin-bottom: 40px;\r\n    overflow: hidden;\r\n    border: 1px solid #eee;\r\n}\r\n\r\n.ar-image {\r\n    flex: 0 0 400px;\r\n    background: url('https:\/\/i.imgur.com\/gDdUomn.png') center\/cover no-repeat;\r\n    min-height: 350px;\r\n}\r\n\r\n.ar-content {\r\n    flex: 1;\r\n    padding: 40px;\r\n}\r\n\r\n.ar-content h2 {\r\n    color: #111;\r\n    margin-top: 0;\r\n    font-size: 1.8rem;\r\n    line-height: 1.2;\r\n    font-weight: 700;\r\n}\r\n\r\n.ar-meta {\r\n    margin: 20px 0;\r\n}\r\n\r\n.ar-meta p {\r\n    margin: 8px 0;\r\n    font-size: 1.1rem;\r\n}\r\n\r\n.ar-meta strong { color: #dc3545; font-weight: 700; }\r\n\r\n\/* Bot\u00f5es *\/\r\n.ar-btns { display: flex; gap: 15px; }\r\n.ar-btn {\r\n    padding: 12px 25px;\r\n    border-radius: 6px;\r\n    text-decoration: none;\r\n    font-weight: 700;\r\n    transition: 0.3s;\r\n    text-align: center;\r\n}\r\n.btn-enroll { background: #dc3545; color: #fff; }\r\n.btn-enroll:hover { background: #a71d2a; transform: translateY(-2px); }\r\n.btn-outline { border: 2px solid #111; color: #111; }\r\n.btn-outline:hover { background: #111; color: #fff; }\r\n\r\n\/* Blocos de Informa\u00e7\u00e3o *\/\r\n.ar-block {\r\n    background: #fff;\r\n    border: 1px solid #eee;\r\n    border-radius: 10px;\r\n    padding: 25px;\r\n    margin-bottom: 20px;\r\n    transition: all 0.3s ease;\r\n    position: relative;\r\n}\r\n\r\n.ar-block:hover {\r\n    border-color: #dc3545;\r\n    box-shadow: 0 5px 15px rgba(0,0,0,0.05);\r\n}\r\n\r\n.ar-block-header {\r\n    display: flex;\r\n    align-items: center;\r\n    margin-bottom: 15px;\r\n    transition: transform 0.3s ease;\r\n}\r\n\r\n.ar-block:hover .ar-block-header {\r\n    transform: translateX(10px);\r\n}\r\n\r\n.ar-icon {\r\n    width: 32px;\r\n    height: 32px;\r\n    margin-right: 15px;\r\n    fill: #111;\r\n    transition: fill 0.3s ease;\r\n}\r\n\r\n.ar-block:hover .ar-icon {\r\n    fill: #dc3545;\r\n}\r\n\r\n.ar-block h3 {\r\n    margin: 0;\r\n    font-size: 1.3rem;\r\n    text-transform: uppercase;\r\n    letter-spacing: 1px;\r\n    color: #111;\r\n    font-weight: 700;\r\n    transition: color 0.3s ease;\r\n}\r\n\r\n.ar-block:hover h3 {\r\n    color: #dc3545;\r\n}\r\n\r\n.ar-grid {\r\n    display: grid;\r\n    grid-template-columns: repeat(auto-fit, minmax(300px, 1fr));\r\n    gap: 20px;\r\n}\r\n\r\n.ar-block ul { padding-left: 20px; margin: 0; }\r\n.ar-block li { margin-bottom: 8px; line-height: 1.5; }\r\n\r\n\/* Modal *\/\r\n#ar-modal-overlay {\r\n    position: fixed; top: 0; left: 0; width: 100%; height: 100%;\r\n    background: rgba(0,0,0,0.8); display: none; z-index: 9999;\r\n    justify-content: center; align-items: center;\r\n}\r\n#ar-modal { background: #fff; width: 85%; height: 85%; border-radius: 10px; overflow: hidden; }\r\n\r\n@media (max-width: 768px) {\r\n    .ar-image { flex: 0 0 100%; height: 250px; }\r\n    .ar-btns { flex-direction: column; }\r\n    .ar-content { padding: 25px; }\r\n}\r\n<\/style>\r\n\r\n<div class=\"ar-wrapper\">\r\n\r\n    <div class=\"ar-main-card\">\r\n        <div class=\"ar-image\"><\/div>\r\n        <div class=\"ar-content\">\r\n            <h2>Fire Safety in Buildings for Municipal Technicians of 1st risk category<\/h2>\r\n            <div class=\"ar-meta\">\r\n                <p><strong>Modalidade:<\/strong> E-Learning<\/p>\r\n                <p><strong>Duration:<\/strong> 37 horas<\/p>\r\n                <p><strong>Pre\u00e7o:<\/strong> 295\u20ac<\/p>\r\n                <p><strong>Data de In\u00edcio:<\/strong> Por anunciar<\/p>\r\n            <\/div>\r\n            <div class=\"ar-btns\">\r\n                <a href=\"https:\/\/mailchi.mp\/a0074244903d\/xj4zf25by1\" class=\"ar-btn btn-enroll enroll-click\" target=\"_blank\" rel=\"noopener\">Inscrever-se agora<\/a>\r\n                <a href=\"https:\/\/mailchi.mp\/a0074244903d\/xj4zf25by1\" target=\"_blank\" class=\"ar-btn btn-outline\" rel=\"noopener\">Ver Cronograma<\/a>\r\n            <\/div>\r\n        <\/div>\r\n    <\/div>\r\n\r\n    <div class=\"ar-block\">\r\n        <div class=\"ar-block-header\">\r\n            <svg class=\"ar-icon\" viewbox=\"0 0 24 24\"><path d=\"M14 2H6c-1.1 0-1.99.9-1.99 2L4 20c0 1.1.89 2 1.99 2H18c1.1 0 2-.9 2-2V8l-6-6zm2 16H8v-2h8v2zm0-4H8v-2h8v2zm-3-5V3.5L18.5 9H13z\"\/><\/svg>\r\n            <h3>Descri\u00e7\u00e3o<\/h3>\r\n        <\/div>\r\n        <p>Este curso surge da regulamenta\u00e7\u00e3o do processo de credencia\u00e7\u00e3o previsto no Regime Jur\u00eddico da SCIE (Decreto-Lei n.\u00ba 220\/2008). Proporciona forma\u00e7\u00e3o completa relativamente \u00e0s condi\u00e7\u00f5es t\u00e9cnicas de seguran\u00e7a, condi\u00e7\u00f5es exteriores, evacua\u00e7\u00e3o, instala\u00e7\u00f5es t\u00e9cnicas, meios de interven\u00e7\u00e3o e medidas de autoprote\u00e7\u00e3o.<\/p>\r\n    <\/div>\r\n\r\n    <div class=\"ar-block\">\r\n        <div class=\"ar-block-header\">\r\n            <svg class=\"ar-icon\" viewbox=\"0 0 24 24\"><path d=\"M19 3H5c-1.1 0-2 .9-2 2v14c0 1.1.9 2 2 2h14c1.1 0 2-.9 2-2V5c0-1.1-.9-2-2-2zm-5 14H7v-2h7v2zm3-4H7v-2h10v2zm0-4H7V7h10v2z\"\/><\/svg>\r\n            <h3>Goals<\/h3>\r\n        <\/div>\r\n        <p>Dotar os participantes de compet\u00eancias para analisar condi\u00e7\u00f5es de seguran\u00e7a, identificar n\u00e3o conformidades, propor medidas corretivas e assegurar o cumprimento da legisla\u00e7\u00e3o. Foca-se na interpreta\u00e7\u00e3o do regulamento t\u00e9cnico de SCIE, avalia\u00e7\u00e3o de risco e aplica\u00e7\u00e3o de medidas de autoprote\u00e7\u00e3o.<\/p>\r\n    <\/div>\r\n\r\n    <div class=\"ar-block\">\r\n        <div class=\"ar-block-header\">\r\n            <svg class=\"ar-icon\" viewbox=\"0 0 24 24\"><path d=\"M16 11c1.66 0 2.99-1.34 2.99-3S17.66 5 16 5s-3 1.34-3 3 1.34 3 3 3zm-8 0c1.66 0 2.99-1.34 2.99-3S9.66 5 8 5 5 6.34 5 8s1.34 3 3 3zm0 2c-2.33 0-7 1.17-7 3.5V19h14v-2.5c0-2.33-4.67-3.5-7-3.5zm8 0c-.29 0-.62.02-.97.05 1.16.84 1.97 1.97 1.97 3.45V19h6v-2.5c0-2.33-4.67-3.5-7-3.5z\"\/><\/svg>\r\n            <h3>TARGET<\/h3>\r\n        <\/div>\r\n        <ul>\r\n            <li>Arquitetos reconhecidos pela Ordem dos Arquitetos (OA)<\/li>\r\n            <li>Engenheiros T\u00e9cnicos reconhecidos pela Ordem dos Engenheiros T\u00e9cnicos (OET)<\/li>\r\n            <li>Engenheiros reconhecidos pela Ordem dos Engenheiros (OE)<\/li>\r\n        <\/ul>\r\n    <\/div>\r\n\r\n    <div class=\"ar-block\">\r\n        <div class=\"ar-block-header\">\r\n            <svg class=\"ar-icon\" viewbox=\"0 0 24 24\"><path d=\"M4 6h16v2H4zm0 5h16v2H4zm0 5h16v2H4z\"\/><\/svg>\r\n            <h3>Conte\u00fados Program\u00e1ticos<\/h3>\r\n        <\/div>\r\n        <div class=\"ar-grid\">\r\n            <ul>\r\n                <li>Regime jur\u00eddico de SCIE<\/li>\r\n                <li>Regulamento t\u00e9cnico de SCIE<\/li>\r\n                <li>Common external conditions<\/li>\r\n                <li>Comportamento ao fogo, isolamento e prote\u00e7\u00e3o<\/li>\r\n                <li>General evacuation conditions<\/li>\r\n                <li>General conditions of technical installations<\/li>\r\n                <li>Equipamentos e sistemas de seguran\u00e7a<\/li>\r\n            <\/ul>\r\n            <ul>\r\n                <li>Smoke control<\/li>\r\n                <li>Means of intervention<\/li>\r\n                <li>General conditions for self-protection<\/li>\r\n                <li>Itinerant or temporary enclosures<\/li>\r\n                <li>M\u00e9todos de an\u00e1lise de SCIE e risco<\/li>\r\n                <li>Development of services<\/li>\r\n                <li>Assessment<\/li>\r\n            <\/ul>\r\n        <\/div>\r\n    <\/div>\r\n\r\n    <div class=\"ar-block\">\r\n        <div class=\"ar-block-header\">\r\n            <svg class=\"ar-icon\" viewbox=\"0 0 24 24\"><path d=\"M12 1L3 5v6c0 5.55 3.84 10.74 9 12 5.16-1.26 9-6.45 9-12V5l-9-4zm-2 16l-4-4 1.41-1.41L10 14.17l6.59-6.59L18 9l-8 8z\"\/><\/svg>\r\n            <h3>Certification<\/h3>\r\n        <\/div>\r\n        <p>A conclus\u00e3o com aproveitamento confere ao formando um Certificado de Forma\u00e7\u00e3o Profissional, emitido de acordo com a legisla\u00e7\u00e3o em vigor.<\/p>\r\n    <\/div>\r\n\r\n<\/div>\r\n\r\n<div id=\"ar-modal-overlay\">\r\n    <div id=\"ar-modal\">\r\n        <div style=\"background:#111; color:#fff; padding:10px 20px; display:flex; justify-content:space-between; font-family:sans-serif;\">\r\n            <span style=\"font-weight:bold;\">Inscri\u00e7\u00e3o - T\u00e9cnicos Municipais<\/span>\r\n            <button id=\"close-ar-modal\" style=\"background:none; border:none; color:#fff; font-size:20px; cursor:pointer;\">\u2715<\/button>\r\n        <\/div>\r\n        <iframe id=\"ar-iframe\" src=\"\" style=\"width:100%; height:100%; border:none;\"><\/iframe>\r\n    <\/div>\r\n<\/div>\r\n\r\n<script>\r\ndocument.addEventListener(\"DOMContentLoaded\", function() {\r\n    const overlay = document.getElementById(\"ar-modal-overlay\");\r\n    const iframe = document.getElementById(\"ar-iframe\");\r\n    const closeBtn = document.getElementById(\"close-ar-modal\");\r\n\r\n    document.querySelectorAll(\".enroll-click\").forEach(btn => {\r\n        btn.onclick = function(e) {\r\n            if (window.innerWidth > 1024) {\r\n                e.preventDefault();\r\n                iframe.src = this.href;\r\n                overlay.style.display = \"flex\";\r\n            }\r\n        };\r\n    });\r\n\r\n    closeBtn.onclick = () => { overlay.style.display = \"none\"; iframe.src = \"\"; };\r\n    overlay.onclick = (e) => { if(e.target === overlay) { overlay.style.display = \"none\"; iframe.src = \"\"; } };\r\n});\r\n<\/script>\t\t\t\t<\/div>\n\t\t\t\t<\/div>\n\t\t\t\t\t<\/div>\n\t\t\t\t<\/div>\n\t\t\t\t<\/div>","protected":false},"excerpt":{"rendered":"<p>Seguran\u00e7a contra Inc\u00eandio em Edif\u00edcios para T\u00e9cnicos Municipais de 1\u00aa Categoria de Risco Modalidade: E-Learning Dura\u00e7\u00e3o: 37 horas Pre\u00e7o: 295\u20ac Data de In\u00edcio: Por anunciar Inscrever-se agora Ver Cronograma Descri\u00e7\u00e3o Este curso surge da regulamenta\u00e7\u00e3o do processo de credencia\u00e7\u00e3o previsto no Regime Jur\u00eddico da SCIE (Decreto-Lei n.\u00ba 220\/2008). Proporciona forma\u00e7\u00e3o completa relativamente \u00e0s condi\u00e7\u00f5es t\u00e9cnicas [&hellip;]<\/p>","protected":false},"author":10,"featured_media":0,"parent":0,"menu_order":0,"comment_status":"closed","ping_status":"closed","template":"","meta":{"_acf_changed":false,"footnotes":""},"class_list":["post-4424","page","type-page","status-publish","hentry"],"acf":[],"_links":{"self":[{"href":"https:\/\/alvesrasteiro.pt\/en\/wp-json\/wp\/v2\/pages\/4424","targetHints":{"allow":["GET"]}}],"collection":[{"href":"https:\/\/alvesrasteiro.pt\/en\/wp-json\/wp\/v2\/pages"}],"about":[{"href":"https:\/\/alvesrasteiro.pt\/en\/wp-json\/wp\/v2\/types\/page"}],"author":[{"embeddable":true,"href":"https:\/\/alvesrasteiro.pt\/en\/wp-json\/wp\/v2\/users\/10"}],"replies":[{"embeddable":true,"href":"https:\/\/alvesrasteiro.pt\/en\/wp-json\/wp\/v2\/comments?post=4424"}],"version-history":[{"count":0,"href":"https:\/\/alvesrasteiro.pt\/en\/wp-json\/wp\/v2\/pages\/4424\/revisions"}],"wp:attachment":[{"href":"https:\/\/alvesrasteiro.pt\/en\/wp-json\/wp\/v2\/media?parent=4424"}],"curies":[{"name":"wp","href":"https:\/\/api.w.org\/{rel}","templated":true}]}}