{"id":3519,"date":"2025-10-02T15:28:28","date_gmt":"2025-10-02T15:28:28","guid":{"rendered":"https:\/\/alvesrasteiro.pt\/?page_id=3519"},"modified":"2026-03-04T12:47:40","modified_gmt":"2026-03-04T12:47:40","slug":"checklist-scie","status":"publish","type":"page","link":"https:\/\/alvesrasteiro.pt\/en\/servicos\/checklist-scie\/","title":{"rendered":"Checklist SCIE"},"content":{"rendered":"<div data-elementor-type=\"wp-page\" data-elementor-id=\"3519\" class=\"elementor elementor-3519\" data-elementor-post-type=\"page\">\n\t\t\t\t<div class=\"elementor-element elementor-element-dc2076e e-flex e-con-boxed e-con e-parent\" data-id=\"dc2076e\" data-element_type=\"container\">\n\t\t\t\t\t<div class=\"e-con-inner\">\n\t\t\t\t<div class=\"elementor-element elementor-element-62acc81 elementor-widget elementor-widget-image\" data-id=\"62acc81\" data-element_type=\"widget\" data-widget_type=\"image.default\">\n\t\t\t\t<div class=\"elementor-widget-container\">\n\t\t\t\t\t\t\t\t\t\t\t\t\t\t\t<img fetchpriority=\"high\" decoding=\"async\" width=\"768\" height=\"432\" src=\"https:\/\/alvesrasteiro.pt\/wp-content\/uploads\/2024\/07\/Auditorias-a-Seguranca-Contra-Incendio-em-Edificios-768x432.png\" class=\"attachment-medium_large size-medium_large wp-image-336\" alt=\"\" srcset=\"https:\/\/alvesrasteiro.pt\/wp-content\/uploads\/2024\/07\/Auditorias-a-Seguranca-Contra-Incendio-em-Edificios-768x432.png 768w, https:\/\/alvesrasteiro.pt\/wp-content\/uploads\/2024\/07\/Auditorias-a-Seguranca-Contra-Incendio-em-Edificios-300x169.png 300w, https:\/\/alvesrasteiro.pt\/wp-content\/uploads\/2024\/07\/Auditorias-a-Seguranca-Contra-Incendio-em-Edificios-1024x576.png 1024w, https:\/\/alvesrasteiro.pt\/wp-content\/uploads\/2024\/07\/Auditorias-a-Seguranca-Contra-Incendio-em-Edificios-1536x864.png 1536w, https:\/\/alvesrasteiro.pt\/wp-content\/uploads\/2024\/07\/Auditorias-a-Seguranca-Contra-Incendio-em-Edificios-18x10.png 18w, https:\/\/alvesrasteiro.pt\/wp-content\/uploads\/2024\/07\/Auditorias-a-Seguranca-Contra-Incendio-em-Edificios-600x338.png 600w, https:\/\/alvesrasteiro.pt\/wp-content\/uploads\/2024\/07\/Auditorias-a-Seguranca-Contra-Incendio-em-Edificios.png 1920w\" sizes=\"(max-width: 768px) 100vw, 768px\" \/>\t\t\t\t\t\t\t\t\t\t\t\t\t\t\t<\/div>\n\t\t\t\t<\/div>\n\t\t\t\t\t<\/div>\n\t\t\t\t<\/div>\n\t\t<div class=\"elementor-element elementor-element-a7737e1 e-flex e-con-boxed e-con e-parent\" data-id=\"a7737e1\" data-element_type=\"container\">\n\t\t\t\t\t<div class=\"e-con-inner\">\n\t\t\t\t<div class=\"elementor-element elementor-element-daf1806 elementor-widget elementor-widget-heading\" data-id=\"daf1806\" data-element_type=\"widget\" data-widget_type=\"heading.default\">\n\t\t\t\t<div class=\"elementor-widget-container\">\n\t\t\t\t\t<h2 class=\"elementor-heading-title elementor-size-default\"><h1 data-elementor-setting-key=\"title\" data-pen-placeholder=\"Digite aqui...\" style=\"font-weight: 800;line-height: 77px;font-size: 37px\">CHECKLIST \n- SEGURAN\u00c7A CONTRA INC\u00caNDIO EM EDIF\u00cdCIOS<span style=\"color: inherit;font-size: 2rem;font-weight: 500\"><\/span><\/h1><\/h2>\t\t\t\t<\/div>\n\t\t\t\t<\/div>\n\t\t\t\t\t<\/div>\n\t\t\t\t<\/div>\n\t\t<div class=\"elementor-element elementor-element-fab68f0 e-flex e-con-boxed e-con e-parent\" data-id=\"fab68f0\" data-element_type=\"container\">\n\t\t\t\t\t<div class=\"e-con-inner\">\n\t\t\t\t<div class=\"elementor-element elementor-element-05f762d elementor-widget elementor-widget-text-editor\" data-id=\"05f762d\" data-element_type=\"widget\" data-widget_type=\"text-editor.default\">\n\t\t\t\t<div class=\"elementor-widget-container\">\n\t\t\t\t\t\t\t\t\t<p style=\"color: #000000; text-align: justify;\" data-start=\"105\" data-end=\"358\">Estar em conformidade com a\u00a0<span style=\"font-weight: bolder;\" data-start=\"133\" data-end=\"183\">Seguran\u00e7a Contra Inc\u00eandios em Edif\u00edcios (SCIE)<\/span>\u00a0\u00e9 essencial. Empresas, condom\u00ednios e institui\u00e7\u00f5es enfrentam exig\u00eancias legais e auditorias rigorosas, tornando fundamental rever e atualizar as\u00a0<span style=\"font-weight: bolder;\" data-start=\"328\" data-end=\"355\">Self-Protection Measures<\/span>.<\/p><p style=\"color: #000000; text-align: justify;\" data-start=\"360\" data-end=\"533\">Cumprir a SCIE n\u00e3o \u00e9 s\u00f3 seguir a lei: \u00e9 proteger pessoas, patrim\u00f3nio e reduzir riscos financeiros e reputacionais. Pequenas falhas podem gerar coimas ou incidentes graves.<\/p><p style=\"color: #000000; text-align: justify;\" data-start=\"360\" data-end=\"533\"><span style=\"font-size: 1rem;\">Esta\u00a0<\/span><span style=\"font-size: 1rem; font-weight: bolder;\" data-start=\"540\" data-end=\"558\">checklist SCIE<\/span><span style=\"font-size: 1rem;\"> permite avaliar rapidamente o estado da sua entidade, identificar pontos cr\u00edticos e perceber onde \u00e9 necess\u00e1rio intervir, poupando tempo e refor\u00e7ando a cultura de seguran\u00e7a. <\/span><\/p><p style=\"color: #000000; text-align: justify;\" data-start=\"360\" data-end=\"533\"><span style=\"font-size: 1rem;\">Mesmo sem ser t\u00e9cnico, consegue ter uma vis\u00e3o clara das obriga\u00e7\u00f5es legais e prioridades, e perceber como a <\/span><span style=\"font-size: 1rem; font-weight: bolder;\" data-start=\"838\" data-end=\"858\">Alves &amp; Rasteiro<\/span><span style=\"font-size: 1rem;\">, com quase 10 anos de experi\u00eancia, pode apoiar na implementa\u00e7\u00e3o das melhores pr\u00e1ticas.<\/span><\/p>\t\t\t\t\t\t\t\t<\/div>\n\t\t\t\t<\/div>\n\t\t\t\t\t<\/div>\n\t\t\t\t<\/div>\n\t\t<div class=\"elementor-element elementor-element-47a0f8d e-flex e-con-boxed e-con e-parent\" data-id=\"47a0f8d\" data-element_type=\"container\" data-settings=\"{&quot;background_background&quot;:&quot;classic&quot;}\">\n\t\t\t\t\t<div class=\"e-con-inner\">\n\t\t\t\t<div class=\"elementor-element elementor-element-fde62d3 elementor-widget elementor-widget-heading\" data-id=\"fde62d3\" data-element_type=\"widget\" data-widget_type=\"heading.default\">\n\t\t\t\t<div class=\"elementor-widget-container\">\n\t\t\t\t\t<h2 class=\"elementor-heading-title elementor-size-default\"><span style=\"font-size: 20px;text-transform: none\">Verifique agora se o seu edif\u00edcio est\u00e1 em conformidade, responda a esta checklist e garanta a seguran\u00e7a de todos!<\/span><\/h2>\t\t\t\t<\/div>\n\t\t\t\t<\/div>\n\t\t\t\t<div class=\"elementor-element elementor-element-b0ddd31 elementor-widget__width-initial elementor-button-align-start elementor-widget elementor-widget-form\" data-id=\"b0ddd31\" data-element_type=\"widget\" data-settings=\"{&quot;step_next_label&quot;:&quot;Next&quot;,&quot;step_previous_label&quot;:&quot;Previous&quot;,&quot;button_width&quot;:&quot;100&quot;,&quot;step_type&quot;:&quot;number_text&quot;,&quot;step_icon_shape&quot;:&quot;circle&quot;}\" data-widget_type=\"form.default\">\n\t\t\t\t<div class=\"elementor-widget-container\">\n\t\t\t\t\t\t\t<form class=\"elementor-form\" method=\"post\" name=\"Form - Checklist SCIE\" aria-label=\"Form - Checklist SCIE\" action=\"\">\n\t\t\t<input type=\"hidden\" name=\"post_id\" value=\"3519\"\/>\n\t\t\t<input type=\"hidden\" name=\"form_id\" value=\"b0ddd31\"\/>\n\t\t\t<input type=\"hidden\" name=\"referer_title\" value=\"Checklist SCIE - Alves &amp; Rasteiro\" \/>\n\n\t\t\t\t\t\t\t<input type=\"hidden\" name=\"queried_id\" value=\"3519\"\/>\n\t\t\t\n\t\t\t<div class=\"elementor-form-fields-wrapper elementor-labels-above\">\n\t\t\t\t\t\t\t\t<div class=\"elementor-field-type-text elementor-field-group elementor-column elementor-field-group-field_4539915 elementor-col-100 elementor-field-required\">\n\t\t\t\t\t\t\t\t\t\t\t\t<label for=\"form-field-field_4539915\" class=\"elementor-field-label\">\n\t\t\t\t\t\t\t\tName\t\t\t\t\t\t\t<\/label>\n\t\t\t\t\t\t\t\t\t\t\t\t\t\t<input size=\"1\" type=\"text\" name=\"form_fields[field_4539915]\" id=\"form-field-field_4539915\" class=\"elementor-field elementor-size-xs  elementor-field-textual\" required=\"required\">\n\t\t\t\t\t\t\t\t\t\t\t<\/div>\n\t\t\t\t\t\t\t\t<div class=\"elementor-field-type-text elementor-field-group elementor-column elementor-field-group-field_2fc9567 elementor-col-100 elementor-field-required\">\n\t\t\t\t\t\t\t\t\t\t\t\t<label for=\"form-field-field_2fc9567\" class=\"elementor-field-label\">\n\t\t\t\t\t\t\t\tTelefone\t\t\t\t\t\t\t<\/label>\n\t\t\t\t\t\t\t\t\t\t\t\t\t\t<input size=\"1\" type=\"text\" name=\"form_fields[field_2fc9567]\" id=\"form-field-field_2fc9567\" class=\"elementor-field elementor-size-xs  elementor-field-textual\" required=\"required\">\n\t\t\t\t\t\t\t\t\t\t\t<\/div>\n\t\t\t\t\t\t\t\t<div class=\"elementor-field-type-text elementor-field-group elementor-column elementor-field-group-field_53b436d elementor-col-100 elementor-field-required\">\n\t\t\t\t\t\t\t\t\t\t\t\t<label for=\"form-field-field_53b436d\" class=\"elementor-field-label\">\n\t\t\t\t\t\t\t\tEmail\t\t\t\t\t\t\t<\/label>\n\t\t\t\t\t\t\t\t\t\t\t\t\t\t<input size=\"1\" type=\"text\" name=\"form_fields[field_53b436d]\" id=\"form-field-field_53b436d\" class=\"elementor-field elementor-size-xs  elementor-field-textual\" required=\"required\">\n\t\t\t\t\t\t\t\t\t\t\t<\/div>\n\t\t\t\t\t\t\t\t<div class=\"elementor-field-type-text elementor-field-group elementor-column elementor-field-group-field_113dfed elementor-col-100 elementor-field-required\">\n\t\t\t\t\t\t\t\t\t\t\t\t<label for=\"form-field-field_113dfed\" class=\"elementor-field-label\">\n\t\t\t\t\t\t\t\tEntidade\t\t\t\t\t\t\t<\/label>\n\t\t\t\t\t\t\t\t\t\t\t\t\t\t<input size=\"1\" type=\"text\" name=\"form_fields[field_113dfed]\" id=\"form-field-field_113dfed\" class=\"elementor-field elementor-size-xs  elementor-field-textual\" required=\"required\">\n\t\t\t\t\t\t\t\t\t\t\t<\/div>\n\t\t\t\t\t\t\t\t<div class=\"elementor-field-type-checkbox elementor-field-group elementor-column elementor-field-group-field_8538ed2 elementor-col-100\">\n\t\t\t\t\t\t\t\t\t\t\t\t<label for=\"form-field-field_8538ed2\" class=\"elementor-field-label\">\n\t\t\t\t\t\t\t\tAs Medidas de Autoprote\u00e7\u00e3o (MAPs) est\u00e3o atualizadas e aprovadas pela ANEPC?\t\t\t\t\t\t\t<\/label>\n\t\t\t\t\t\t<div class=\"elementor-field-subgroup\"><span class=\"elementor-field-option\"><input type=\"checkbox\" value=\"Estou em conformidade\" id=\"form-field-field_8538ed2-0\" name=\"form_fields[field_8538ed2][]\"> <label for=\"form-field-field_8538ed2-0\">Estou em conformidade<\/label><\/span><span class=\"elementor-field-option\"><input type=\"checkbox\" value=\"N\u00e3o estou em conformidade\" id=\"form-field-field_8538ed2-1\" name=\"form_fields[field_8538ed2][]\"> <label for=\"form-field-field_8538ed2-1\">N\u00e3o estou em conformidade<\/label><\/span><span class=\"elementor-field-option\"><input type=\"checkbox\" value=\"N\u00e3o sei\" id=\"form-field-field_8538ed2-2\" name=\"form_fields[field_8538ed2][]\"> <label for=\"form-field-field_8538ed2-2\">N\u00e3o sei<\/label><\/span><\/div>\t\t\t\t<\/div>\n\t\t\t\t\t\t\t\t<div class=\"elementor-field-type-checkbox elementor-field-group elementor-column elementor-field-group-field_8e75e76 elementor-col-100\">\n\t\t\t\t\t\t\t\t\t\t\t\t<label for=\"form-field-field_8e75e76\" class=\"elementor-field-label\">\n\t\t\t\t\t\t\t\tExtintores e carret\u00e9is est\u00e3o operacionais e com manuten\u00e7\u00e3o em dia?\t\t\t\t\t\t\t<\/label>\n\t\t\t\t\t\t<div class=\"elementor-field-subgroup\"><span class=\"elementor-field-option\"><input type=\"checkbox\" value=\"Estou em conformidade\" id=\"form-field-field_8e75e76-0\" name=\"form_fields[field_8e75e76][]\"> <label for=\"form-field-field_8e75e76-0\">Estou em conformidade<\/label><\/span><span class=\"elementor-field-option\"><input type=\"checkbox\" value=\"N\u00e3o estou em conformidade\" id=\"form-field-field_8e75e76-1\" name=\"form_fields[field_8e75e76][]\"> <label for=\"form-field-field_8e75e76-1\">N\u00e3o estou em conformidade<\/label><\/span><span class=\"elementor-field-option\"><input type=\"checkbox\" value=\"N\u00e3o sei\" id=\"form-field-field_8e75e76-2\" name=\"form_fields[field_8e75e76][]\"> <label for=\"form-field-field_8e75e76-2\">N\u00e3o sei<\/label><\/span><\/div>\t\t\t\t<\/div>\n\t\t\t\t\t\t\t\t<div class=\"elementor-field-type-checkbox elementor-field-group elementor-column elementor-field-group-field_0d2fd52 elementor-col-100\">\n\t\t\t\t\t\t\t\t\t\t\t\t<label for=\"form-field-field_0d2fd52\" class=\"elementor-field-label\">\n\t\t\t\t\t\t\t\tAs sa\u00eddas de emerg\u00eancia est\u00e3o desobstru\u00eddas, sinalizadas e iluminadas corretamente?\t\t\t\t\t\t\t<\/label>\n\t\t\t\t\t\t<div class=\"elementor-field-subgroup\"><span class=\"elementor-field-option\"><input type=\"checkbox\" value=\"Estou em conformidade\" id=\"form-field-field_0d2fd52-0\" name=\"form_fields[field_0d2fd52][]\"> <label for=\"form-field-field_0d2fd52-0\">Estou em conformidade<\/label><\/span><span class=\"elementor-field-option\"><input type=\"checkbox\" value=\"N\u00e3o estou em conformidade\" id=\"form-field-field_0d2fd52-1\" name=\"form_fields[field_0d2fd52][]\"> <label for=\"form-field-field_0d2fd52-1\">N\u00e3o estou em conformidade<\/label><\/span><span class=\"elementor-field-option\"><input type=\"checkbox\" value=\"N\u00e3o sei\" id=\"form-field-field_0d2fd52-2\" name=\"form_fields[field_0d2fd52][]\"> <label for=\"form-field-field_0d2fd52-2\">N\u00e3o sei<\/label><\/span><\/div>\t\t\t\t<\/div>\n\t\t\t\t\t\t\t\t<div class=\"elementor-field-type-checkbox elementor-field-group elementor-column elementor-field-group-field_84cfa00 elementor-col-100\">\n\t\t\t\t\t\t\t\t\t\t\t\t<label for=\"form-field-field_84cfa00\" class=\"elementor-field-label\">\n\t\t\t\t\t\t\t\tA ilumina\u00e7\u00e3o de emerg\u00eancia foi testada e os registos est\u00e3o atualizados?\t\t\t\t\t\t\t<\/label>\n\t\t\t\t\t\t<div class=\"elementor-field-subgroup\"><span class=\"elementor-field-option\"><input type=\"checkbox\" value=\"Estou em conformidade\" id=\"form-field-field_84cfa00-0\" name=\"form_fields[field_84cfa00][]\"> <label for=\"form-field-field_84cfa00-0\">Estou em conformidade<\/label><\/span><span class=\"elementor-field-option\"><input type=\"checkbox\" value=\"N\u00e3o estou em conformidade\" id=\"form-field-field_84cfa00-1\" name=\"form_fields[field_84cfa00][]\"> <label for=\"form-field-field_84cfa00-1\">N\u00e3o estou em conformidade<\/label><\/span><span class=\"elementor-field-option\"><input type=\"checkbox\" value=\"N\u00e3o sei\" id=\"form-field-field_84cfa00-2\" name=\"form_fields[field_84cfa00][]\"> <label for=\"form-field-field_84cfa00-2\">N\u00e3o sei<\/label><\/span><\/div>\t\t\t\t<\/div>\n\t\t\t\t\t\t\t\t<div class=\"elementor-field-type-checkbox elementor-field-group elementor-column elementor-field-group-field_53b4abb elementor-col-100\">\n\t\t\t\t\t\t\t\t\t\t\t\t<label for=\"form-field-field_53b4abb\" class=\"elementor-field-label\">\n\t\t\t\t\t\t\t\tAs plantas de emerg\u00eancia est\u00e3o atualizadas, vis\u00edveis e colocadas nos pontos estrat\u00e9gicos?\t\t\t\t\t\t\t<\/label>\n\t\t\t\t\t\t<div class=\"elementor-field-subgroup\"><span class=\"elementor-field-option\"><input type=\"checkbox\" value=\"Estou em conformidade\" id=\"form-field-field_53b4abb-0\" name=\"form_fields[field_53b4abb][]\"> <label for=\"form-field-field_53b4abb-0\">Estou em conformidade<\/label><\/span><span class=\"elementor-field-option\"><input type=\"checkbox\" value=\"N\u00e3o estou em conformidade\" id=\"form-field-field_53b4abb-1\" name=\"form_fields[field_53b4abb][]\"> <label for=\"form-field-field_53b4abb-1\">N\u00e3o estou em conformidade<\/label><\/span><span class=\"elementor-field-option\"><input type=\"checkbox\" value=\"N\u00e3o sei\" id=\"form-field-field_53b4abb-2\" name=\"form_fields[field_53b4abb][]\"> <label for=\"form-field-field_53b4abb-2\">N\u00e3o sei<\/label><\/span><\/div>\t\t\t\t<\/div>\n\t\t\t\t\t\t\t\t<div class=\"elementor-field-type-checkbox elementor-field-group elementor-column elementor-field-group-field_ebd1787 elementor-col-100\">\n\t\t\t\t\t\t\t\t\t\t\t\t<label for=\"form-field-field_ebd1787\" class=\"elementor-field-label\">\n\t\t\t\t\t\t\t\tOs sistemas autom\u00e1ticos de dete\u00e7\u00e3o e alarme foram verificados por empresas certificadas?\t\t\t\t\t\t\t<\/label>\n\t\t\t\t\t\t<div class=\"elementor-field-subgroup\"><span class=\"elementor-field-option\"><input type=\"checkbox\" value=\"Estou em conformidade\" id=\"form-field-field_ebd1787-0\" name=\"form_fields[field_ebd1787][]\"> <label for=\"form-field-field_ebd1787-0\">Estou em conformidade<\/label><\/span><span class=\"elementor-field-option\"><input type=\"checkbox\" value=\"N\u00e3o estou em conformidade\" id=\"form-field-field_ebd1787-1\" name=\"form_fields[field_ebd1787][]\"> <label for=\"form-field-field_ebd1787-1\">N\u00e3o estou em conformidade<\/label><\/span><span class=\"elementor-field-option\"><input type=\"checkbox\" value=\"N\u00e3o sei\" id=\"form-field-field_ebd1787-2\" name=\"form_fields[field_ebd1787][]\"> <label for=\"form-field-field_ebd1787-2\">N\u00e3o sei<\/label><\/span><\/div>\t\t\t\t<\/div>\n\t\t\t\t\t\t\t\t<div class=\"elementor-field-type-checkbox elementor-field-group elementor-column elementor-field-group-field_7636139 elementor-col-100\">\n\t\t\t\t\t\t\t\t\t\t\t\t<label for=\"form-field-field_7636139\" class=\"elementor-field-label\">\n\t\t\t\t\t\t\t\tSimulacros e forma\u00e7\u00f5es internas foram realizados nos \u00faltimos 12 meses?\t\t\t\t\t\t\t<\/label>\n\t\t\t\t\t\t<div class=\"elementor-field-subgroup\"><span class=\"elementor-field-option\"><input type=\"checkbox\" value=\"Estou em conformidade\" id=\"form-field-field_7636139-0\" name=\"form_fields[field_7636139][]\"> <label for=\"form-field-field_7636139-0\">Estou em conformidade<\/label><\/span><span class=\"elementor-field-option\"><input type=\"checkbox\" value=\"N\u00e3o estou em conformidade\" id=\"form-field-field_7636139-1\" name=\"form_fields[field_7636139][]\"> <label for=\"form-field-field_7636139-1\">N\u00e3o estou em conformidade<\/label><\/span><span class=\"elementor-field-option\"><input type=\"checkbox\" value=\"N\u00e3o sei\" id=\"form-field-field_7636139-2\" name=\"form_fields[field_7636139][]\"> <label for=\"form-field-field_7636139-2\">N\u00e3o sei<\/label><\/span><\/div>\t\t\t\t<\/div>\n\t\t\t\t\t\t\t\t<div class=\"elementor-field-type-checkbox elementor-field-group elementor-column elementor-field-group-field_452b61b elementor-col-100\">\n\t\t\t\t\t\t\t\t\t\t\t\t<label for=\"form-field-field_452b61b\" class=\"elementor-field-label\">\n\t\t\t\t\t\t\t\tToda a documenta\u00e7\u00e3o SCIE (relat\u00f3rios, certificados, registos de forma\u00e7\u00e3o) est\u00e1 organizada e acess\u00edvel?\t\t\t\t\t\t\t<\/label>\n\t\t\t\t\t\t<div class=\"elementor-field-subgroup\"><span class=\"elementor-field-option\"><input type=\"checkbox\" value=\"Estou em conformidade\" id=\"form-field-field_452b61b-0\" name=\"form_fields[field_452b61b][]\"> <label for=\"form-field-field_452b61b-0\">Estou em conformidade<\/label><\/span><span class=\"elementor-field-option\"><input type=\"checkbox\" value=\"N\u00e3o estou em conformidade\" id=\"form-field-field_452b61b-1\" name=\"form_fields[field_452b61b][]\"> <label for=\"form-field-field_452b61b-1\">N\u00e3o estou em conformidade<\/label><\/span><span class=\"elementor-field-option\"><input type=\"checkbox\" value=\"N\u00e3o sei\" id=\"form-field-field_452b61b-2\" name=\"form_fields[field_452b61b][]\"> <label for=\"form-field-field_452b61b-2\">N\u00e3o sei<\/label><\/span><\/div>\t\t\t\t<\/div>\n\t\t\t\t\t\t\t\t<div class=\"elementor-field-type-checkbox elementor-field-group elementor-column elementor-field-group-field_d8fc33d elementor-col-100\">\n\t\t\t\t\t\t\t\t\t\t\t\t<label for=\"form-field-field_d8fc33d\" class=\"elementor-field-label\">\n\t\t\t\t\t\t\t\tExiste um respons\u00e1vel de seguran\u00e7a designado e identificado para todos os ocupantes e inspetores?\t\t\t\t\t\t\t<\/label>\n\t\t\t\t\t\t<div class=\"elementor-field-subgroup\"><span class=\"elementor-field-option\"><input type=\"checkbox\" value=\"Estou em conformidade\" id=\"form-field-field_d8fc33d-0\" name=\"form_fields[field_d8fc33d][]\"> <label for=\"form-field-field_d8fc33d-0\">Estou em conformidade<\/label><\/span><span class=\"elementor-field-option\"><input type=\"checkbox\" value=\"N\u00e3o estou em conformidade\" id=\"form-field-field_d8fc33d-1\" name=\"form_fields[field_d8fc33d][]\"> <label for=\"form-field-field_d8fc33d-1\">N\u00e3o estou em conformidade<\/label><\/span><span class=\"elementor-field-option\"><input type=\"checkbox\" value=\"N\u00e3o sei\" id=\"form-field-field_d8fc33d-2\" name=\"form_fields[field_d8fc33d][]\"> <label for=\"form-field-field_d8fc33d-2\">N\u00e3o sei<\/label><\/span><\/div>\t\t\t\t<\/div>\n\t\t\t\t\t\t\t\t<div class=\"elementor-field-type-checkbox elementor-field-group elementor-column elementor-field-group-field_ef88e8e elementor-col-100\">\n\t\t\t\t\t\t\t\t\t\t\t\t<label for=\"form-field-field_ef88e8e\" class=\"elementor-field-label\">\n\t\t\t\t\t\t\t\tOs contratos de manuten\u00e7\u00e3o preventiva com empresas certificadas est\u00e3o atualizados?\t\t\t\t\t\t\t<\/label>\n\t\t\t\t\t\t<div class=\"elementor-field-subgroup\"><span class=\"elementor-field-option\"><input type=\"checkbox\" value=\"Estou em conformidade\" id=\"form-field-field_ef88e8e-0\" name=\"form_fields[field_ef88e8e][]\"> <label for=\"form-field-field_ef88e8e-0\">Estou em conformidade<\/label><\/span><span class=\"elementor-field-option\"><input type=\"checkbox\" value=\"N\u00e3o estou em conformidade\" id=\"form-field-field_ef88e8e-1\" name=\"form_fields[field_ef88e8e][]\"> <label for=\"form-field-field_ef88e8e-1\">N\u00e3o estou em conformidade<\/label><\/span><span class=\"elementor-field-option\"><input type=\"checkbox\" value=\"N\u00e3o sei\" id=\"form-field-field_ef88e8e-2\" name=\"form_fields[field_ef88e8e][]\"> <label for=\"form-field-field_ef88e8e-2\">N\u00e3o sei<\/label><\/span><\/div>\t\t\t\t<\/div>\n\t\t\t\t\t\t\t\t<div class=\"elementor-field-type-checkbox elementor-field-group elementor-column elementor-field-group-field_76ccf07 elementor-col-100\">\n\t\t\t\t\t\t\t\t\t\t\t\t<label for=\"form-field-field_76ccf07\" class=\"elementor-field-label\">\n\t\t\t\t\t\t\t\tA manuten\u00e7\u00e3o preventiva inclui verifica\u00e7\u00e3o de validade, press\u00e3o, integridade e posicionamento correto de todos os equipamentos?\t\t\t\t\t\t\t<\/label>\n\t\t\t\t\t\t<div class=\"elementor-field-subgroup\"><span class=\"elementor-field-option\"><input type=\"checkbox\" value=\"Estou em conformidade\" id=\"form-field-field_76ccf07-0\" name=\"form_fields[field_76ccf07][]\"> <label for=\"form-field-field_76ccf07-0\">Estou em conformidade<\/label><\/span><span class=\"elementor-field-option\"><input type=\"checkbox\" value=\"N\u00e3o estou em conformidade\" id=\"form-field-field_76ccf07-1\" name=\"form_fields[field_76ccf07][]\"> <label for=\"form-field-field_76ccf07-1\">N\u00e3o estou em conformidade<\/label><\/span><span class=\"elementor-field-option\"><input type=\"checkbox\" value=\"N\u00e3o sei\" id=\"form-field-field_76ccf07-2\" name=\"form_fields[field_76ccf07][]\"> <label for=\"form-field-field_76ccf07-2\">N\u00e3o sei<\/label><\/span><\/div>\t\t\t\t<\/div>\n\t\t\t\t\t\t\t\t<div class=\"elementor-field-group elementor-column elementor-field-type-submit elementor-col-100 e-form__buttons\">\n\t\t\t\t\t<button class=\"elementor-button elementor-size-sm\" type=\"submit\">\n\t\t\t\t\t\t<span class=\"elementor-button-content-wrapper\">\n\t\t\t\t\t\t\t\t\t\t\t\t\t\t\t\t\t\t\t\t\t\t<span class=\"elementor-button-text\">Responder<\/span>\n\t\t\t\t\t\t\t\t\t\t\t\t\t<\/span>\n\t\t\t\t\t<\/button>\n\t\t\t\t<\/div>\n\t\t\t<\/div>\n\t\t<input type=\"hidden\" name=\"trp-form-language\" value=\"en\"\/><\/form>\n\t\t\t\t\t\t<\/div>\n\t\t\t\t<\/div>\n\t\t\t\t\t<\/div>\n\t\t\t\t<\/div>\n\t\t\t\t<\/div>","protected":false},"excerpt":{"rendered":"<p>CHECKLIST &#8211; SEGURAN\u00c7A CONTRA INC\u00caNDIO EM EDIF\u00cdCIOS Estar em conformidade com a\u00a0Seguran\u00e7a Contra Inc\u00eandios em Edif\u00edcios (SCIE)\u00a0\u00e9 essencial. Empresas, condom\u00ednios e institui\u00e7\u00f5es enfrentam exig\u00eancias legais e auditorias rigorosas, tornando fundamental rever e atualizar as\u00a0Medidas de Autoprote\u00e7\u00e3o. Cumprir a SCIE n\u00e3o \u00e9 s\u00f3 seguir a lei: \u00e9 proteger pessoas, patrim\u00f3nio e reduzir riscos financeiros e reputacionais. [&hellip;]<\/p>","protected":false},"author":10,"featured_media":0,"parent":158,"menu_order":0,"comment_status":"closed","ping_status":"closed","template":"","meta":{"_acf_changed":false,"footnotes":""},"class_list":["post-3519","page","type-page","status-publish","hentry"],"acf":[],"_links":{"self":[{"href":"https:\/\/alvesrasteiro.pt\/en\/wp-json\/wp\/v2\/pages\/3519","targetHints":{"allow":["GET"]}}],"collection":[{"href":"https:\/\/alvesrasteiro.pt\/en\/wp-json\/wp\/v2\/pages"}],"about":[{"href":"https:\/\/alvesrasteiro.pt\/en\/wp-json\/wp\/v2\/types\/page"}],"author":[{"embeddable":true,"href":"https:\/\/alvesrasteiro.pt\/en\/wp-json\/wp\/v2\/users\/10"}],"replies":[{"embeddable":true,"href":"https:\/\/alvesrasteiro.pt\/en\/wp-json\/wp\/v2\/comments?post=3519"}],"version-history":[{"count":0,"href":"https:\/\/alvesrasteiro.pt\/en\/wp-json\/wp\/v2\/pages\/3519\/revisions"}],"up":[{"embeddable":true,"href":"https:\/\/alvesrasteiro.pt\/en\/wp-json\/wp\/v2\/pages\/158"}],"wp:attachment":[{"href":"https:\/\/alvesrasteiro.pt\/en\/wp-json\/wp\/v2\/media?parent=3519"}],"curies":[{"name":"wp","href":"https:\/\/api.w.org\/{rel}","templated":true}]}}