{"id":3279,"date":"2025-09-29T14:57:18","date_gmt":"2025-09-29T14:57:18","guid":{"rendered":"https:\/\/alvesrasteiro.pt\/?page_id=3279"},"modified":"2026-03-04T12:55:19","modified_gmt":"2026-03-04T12:55:19","slug":"ufcd-9906","status":"publish","type":"page","link":"https:\/\/alvesrasteiro.pt\/en\/ufcd-9906\/","title":{"rendered":"UFCD &#8211; 9906"},"content":{"rendered":"<div data-elementor-type=\"wp-page\" data-elementor-id=\"3279\" class=\"elementor elementor-3279\" data-elementor-post-type=\"page\">\n\t\t\t\t<div class=\"elementor-element elementor-element-d970c13 e-flex e-con-boxed e-con e-parent\" data-id=\"d970c13\" data-element_type=\"container\">\n\t\t\t\t\t<div class=\"e-con-inner\">\n\t\t<div class=\"elementor-element elementor-element-9216b37 e-con-full e-flex e-con e-child\" data-id=\"9216b37\" data-element_type=\"container\">\n\t\t\t\t<div class=\"elementor-element elementor-element-c076d58 elementor-widget-widescreen__width-initial elementor-widget elementor-widget-image\" data-id=\"c076d58\" data-element_type=\"widget\" data-widget_type=\"image.default\">\n\t\t\t\t<div class=\"elementor-widget-container\">\n\t\t\t\t\t\t\t\t\t\t\t\t\t\t\t<img decoding=\"async\" src=\"https:\/\/alvesrasteiro.pt\/wp-content\/uploads\/elementor\/thumbs\/Socorrismo-Basico-PL-novembro-2025-rh7tvxzn8tpyrbb55xrb84zxtsh355rhygskz7hc70.png\" title=\"Socorrismo B\u00e1sico (PL novembro 2025)\" alt=\"Socorrismo B\u00e1sico (PL novembro 2025)\" loading=\"lazy\" \/>\t\t\t\t\t\t\t\t\t\t\t\t\t\t\t<\/div>\n\t\t\t\t<\/div>\n\t\t\t\t<\/div>\n\t\t<div class=\"elementor-element elementor-element-9dda0ba e-con-full e-flex e-con e-child\" data-id=\"9dda0ba\" data-element_type=\"container\">\n\t\t<div class=\"elementor-element elementor-element-c84eed8 e-con-full e-flex e-con e-child\" data-id=\"c84eed8\" data-element_type=\"container\">\n\t\t\t\t<div class=\"elementor-element elementor-element-a4cc888 elementor-widget elementor-widget-heading\" data-id=\"a4cc888\" data-element_type=\"widget\" data-widget_type=\"heading.default\">\n\t\t\t\t<div class=\"elementor-widget-container\">\n\t\t\t\t\t<h4 class=\"elementor-heading-title elementor-size-default\">UFCD 9906<br><b>Socorrismo B\u00e1sico<\/b><\/h4>\t\t\t\t<\/div>\n\t\t\t\t<\/div>\n\t\t\t\t<\/div>\n\t\t<div class=\"elementor-element elementor-element-d085a90 e-con-full e-flex e-con e-child\" data-id=\"d085a90\" data-element_type=\"container\">\n\t\t\t\t<div class=\"elementor-element elementor-element-3693f3b elementor-widget elementor-widget-tp-button\" data-id=\"3693f3b\" data-element_type=\"widget\" data-widget_type=\"tp-button.default\">\n\t\t\t\t<div class=\"elementor-widget-container\">\n\t\t\t\t\t<div class=\"pt-plus-button-wrapper   text-center\"><div class=\"button_parallax\"><div id=\"button69f0e8033555d\"  class=\"text-center ts-button content_hover_effect\" ><div class=\"pt_plus_button btn69f0e8033555c button-style-18\"  ><div class=\"animted-content-inner\"><a href=\"https:\/\/mailchi.mp\/ff17b12a92c4\/akh4yd16n0\" class=\"button-link-wrap\" role=\"button\" data-hover=\"Quero-me inscrever!\"  ><span>Quero-me inscrever!<\/span><\/a><\/div><\/div><\/div><\/div><\/div>\t\t\t\t<\/div>\n\t\t\t\t<\/div>\n\t\t\t\t<div class=\"elementor-element elementor-element-780493c elementor-widget elementor-widget-tp-button\" data-id=\"780493c\" data-element_type=\"widget\" data-widget_type=\"tp-button.default\">\n\t\t\t\t<div class=\"elementor-widget-container\">\n\t\t\t\t\t<div class=\"pt-plus-button-wrapper   text-\"><div class=\"button_parallax\"><div id=\"button69f0e80335954\"  class=\"text- ts-button content_hover_effect\" ><div class=\"pt_plus_button btn69f0e80335953 button-style-13  hover-left\"  ><div class=\"animted-content-inner\"><a href=\"http:\/\/www.alvesrasteiro.pt\/fmc\/cronograma\/9906.pdf\" class=\"button-link-wrap\" role=\"button\" data-hover=\"\ud83d\udcc5 Cronograma \"  ><span>\ud83d\udcc5 Cronograma <\/span><\/a><\/div><\/div><\/div><\/div><\/div>\t\t\t\t<\/div>\n\t\t\t\t<\/div>\n\t\t\t\t<\/div>\n\t\t\t\t<div class=\"elementor-element elementor-element-bd34e05 elementor-widget-divider--view-line elementor-widget elementor-widget-divider\" data-id=\"bd34e05\" data-element_type=\"widget\" data-widget_type=\"divider.default\">\n\t\t\t\t<div class=\"elementor-widget-container\">\n\t\t\t\t\t\t\t<div class=\"elementor-divider\">\n\t\t\t<span class=\"elementor-divider-separator\">\n\t\t\t\t\t\t<\/span>\n\t\t<\/div>\n\t\t\t\t\t\t<\/div>\n\t\t\t\t<\/div>\n\t\t\t\t<div class=\"elementor-element elementor-element-993020e elementor-widget elementor-widget-text-editor\" data-id=\"993020e\" data-element_type=\"widget\" data-widget_type=\"text-editor.default\">\n\t\t\t\t<div class=\"elementor-widget-container\">\n\t\t\t\t\t\t\t\t\t<ul><li>\ud83d\udcda Forma\u00e7\u00e3o Financiada<\/li><li>\ud83c\udf7d\ufe0f 6\u20ac de Subs\u00eddio de Alimenta\u00e7\u00e3o<\/li><li>\ud83c\udf93 M\u00ednimo: 9.\u00ba ano<\/li><li>\ud83d\udd1e Maiores de 18 anos<\/li><li>\u23f0 Hor\u00e1rio P\u00f3s-Laboral<\/li><li>\ud83d\udcbb Online<\/li><\/ul>\t\t\t\t\t\t\t\t<\/div>\n\t\t\t\t<\/div>\n\t\t\t\t<\/div>\n\t\t\t\t\t<\/div>\n\t\t\t\t<\/div>\n\t\t<div class=\"elementor-element elementor-element-e985aab e-flex e-con-boxed e-con e-parent\" data-id=\"e985aab\" data-element_type=\"container\">\n\t\t\t\t\t<div class=\"e-con-inner\">\n\t\t\t\t<div class=\"elementor-element elementor-element-a9be78d elementor-widget elementor-widget-spacer\" data-id=\"a9be78d\" data-element_type=\"widget\" data-widget_type=\"spacer.default\">\n\t\t\t\t<div class=\"elementor-widget-container\">\n\t\t\t\t\t\t\t<div class=\"elementor-spacer\">\n\t\t\t<div class=\"elementor-spacer-inner\"><\/div>\n\t\t<\/div>\n\t\t\t\t\t\t<\/div>\n\t\t\t\t<\/div>\n\t\t\t\t<div class=\"elementor-element elementor-element-c1d8031 elementor-widget elementor-widget-heading\" data-id=\"c1d8031\" data-element_type=\"widget\" data-widget_type=\"heading.default\">\n\t\t\t\t<div class=\"elementor-widget-container\">\n\t\t\t\t\t<h4 class=\"elementor-heading-title elementor-size-default\"><b>Mais informa\u00e7\u00f5es:<\/b><\/h4>\t\t\t\t<\/div>\n\t\t\t\t<\/div>\n\t\t\t\t\t<\/div>\n\t\t\t\t<\/div>\n\t\t<div class=\"elementor-element elementor-element-cdea31a e-flex e-con-boxed e-con e-parent\" data-id=\"cdea31a\" data-element_type=\"container\">\n\t\t\t\t\t<div class=\"e-con-inner\">\n\t\t\t\t<div class=\"elementor-element elementor-element-91d12bc elementor-widget elementor-widget-tp-accordion\" data-id=\"91d12bc\" data-element_type=\"widget\" data-widget_type=\"tp-accordion.default\">\n\t\t\t\t<div class=\"elementor-widget-container\">\n\t\t\t\t\t\t\t<div class=\"theplus-accordion-wrapper elementor-accordion\" id=\"accordion69f0e8034010f\" data-accordion-id=\"accordion69f0e8034010f\" data-accordion-type=\"accordion\" data-toogle-speed=\"300\"   role=\"tablist\">\n\t\t\t\t\t\t\t\n\t\t\t\t<div class=\"theplus-accordion-item\">\n\t\t\t\t\t<div id=\"elementor-tab-title-1521\" class=\"elementor-tab-title plus-accordion-header 0\" tabindex=\"1521\" data-tab=\"1\" role=\"tab\" aria-controls=\"elementor-tab-content-1521\">\n\t\t\t\t\t\t<span class=\"elementor-accordion-icon elementor-accordion-icon-left\" aria-hidden=\"true\"><i class=\"elementor-accordion-icon-closed fa fa-plus\"><\/i><i class=\"elementor-accordion-icon-opened fa fa-minus\"><\/i><\/span><span style=\"width:100%\"><b>Goals<\/b><\/span>\n\t\t\t\t\t<\/div>  \n\n\t\t\t\t\t\t\t\t\t\t\t<div id=\"elementor-tab-content-1521\" class=\"elementor-tab-content elementor-clearfix plus-accordion-content 0\" data-tab=\"1\" role=\"tabpanel\" aria-labelledby=\"elementor-tab-title-1521\">\n\t\t\t\t\t\t\t<div class=\"plus-content-editor\"><ul><li>Identificar os principais sinais e sintomas em situa\u00e7\u00f5es de doen\u00e7a s\u00fabita e trauma.<\/li><li>Aplicar os procedimentos de socorrismo, de acordo com os sinais e sintomas em situa\u00e7\u00e3o de doen\u00e7a s\u00fabita e\/ou trauma.<\/li><\/ul><\/div>\n\t\t\t\t\t\t<\/div>\n\t\t\t\t\t\n\t\t\t\t<\/div>\n\n\t\t\t\t\t\t\t\n\t\t\t\t<div class=\"theplus-accordion-item\">\n\t\t\t\t\t<div id=\"elementor-tab-title-1522\" class=\"elementor-tab-title plus-accordion-header 0\" tabindex=\"1522\" data-tab=\"2\" role=\"tab\" aria-controls=\"elementor-tab-content-1522\">\n\t\t\t\t\t\t<span class=\"elementor-accordion-icon elementor-accordion-icon-left\" aria-hidden=\"true\"><i class=\"elementor-accordion-icon-closed fa fa-plus\"><\/i><i class=\"elementor-accordion-icon-opened fa fa-minus\"><\/i><\/span><span style=\"width:100%\"><b>Conte\u00fados<\/b><\/span>\n\t\t\t\t\t<\/div>  \n\n\t\t\t\t\t\t\t\t\t\t\t<div id=\"elementor-tab-content-1522\" class=\"elementor-tab-content elementor-clearfix plus-accordion-content 0\" data-tab=\"2\" role=\"tabpanel\" aria-labelledby=\"elementor-tab-title-1522\">\n\t\t\t\t\t\t\t<div class=\"plus-content-editor\"><ul style=\"font-size: 16px;background-color: #ffffff\"><li>Sistema integrado de emerg\u00eancia m\u00e9dica<\/li><li>Exame da v\u00edtima<\/li><li>Suporte b\u00e1sico de vida<\/li><li>Emerg\u00eancias M\u00e9dicas<ul><li>Perda de conhecimento, acidente vascular cerebral; dor tor\u00e1cica, diabetes, dificuldade respirat\u00f3ria, convuls\u00e3o<\/li><li>Intoxica\u00e7\u00f5es<\/li><li>Controlo de hemorragias<\/li><li>Les\u00f5es da pele<\/li><li>Fraturas<\/li><\/ul><\/li><li>Traumatologia<ul><li>Traumatismos cr\u00e2nio-encef\u00e1licos e de coluna<\/li><li>Imobiliza\u00e7\u00e3o e extra\u00e7\u00e3o de v\u00edtimas<\/li><\/ul><\/li><\/ul><\/div>\n\t\t\t\t\t\t<\/div>\n\t\t\t\t\t\n\t\t\t\t<\/div>\n\n\t\t\t\t\t\t\t\n\t\t\t\t<div class=\"theplus-accordion-item\">\n\t\t\t\t\t<div id=\"elementor-tab-title-1523\" class=\"elementor-tab-title plus-accordion-header 0\" tabindex=\"1523\" data-tab=\"3\" role=\"tab\" aria-controls=\"elementor-tab-content-1523\">\n\t\t\t\t\t\t<span class=\"elementor-accordion-icon elementor-accordion-icon-left\" aria-hidden=\"true\"><i class=\"elementor-accordion-icon-closed fa fa-plus\"><\/i><i class=\"elementor-accordion-icon-opened fa fa-minus\"><\/i><\/span><span style=\"width:100%\"><b>Qualifica\u00e7\u00f5es<\/b><\/span>\n\t\t\t\t\t<\/div>  \n\n\t\t\t\t\t\t\t\t\t\t\t<div id=\"elementor-tab-content-1523\" class=\"elementor-tab-content elementor-clearfix plus-accordion-content 0\" data-tab=\"3\" role=\"tabpanel\" aria-labelledby=\"elementor-tab-title-1523\">\n\t\t\t\t\t\t\t<div class=\"plus-content-editor\"><ul class=\"description-list-links\"><li class=\"ng-star-inserted\"><a>861264 &#8211; <strong>T\u00e9cnico\/a de Prote\u00e7\u00e3o Civil<\/strong><\/a><\/li><li class=\"ng-star-inserted\"><a>862208 &#8211; <strong>T\u00e9cnico\/a de Seguran\u00e7a no Trabalho<\/strong><\/a><\/li><li class=\"ng-star-inserted\"><a>861363 &#8211; <strong>Bombeiro\/a<\/strong><\/a><\/li><\/ul><\/div>\n\t\t\t\t\t\t<\/div>\n\t\t\t\t\t\n\t\t\t\t<\/div>\n\n\t\t\t\t\t<\/div>\n\t\t\t\t\t\t<\/div>\n\t\t\t\t<\/div>\n\t\t\t\t\t<\/div>\n\t\t\t\t<\/div>\n\t\t\t\t<\/div>","protected":false},"excerpt":{"rendered":"<p>UFCD 9906Socorrismo B\u00e1sico Quero-me inscrever! \ud83d\udcc5 Cronograma \ud83d\udcda Forma\u00e7\u00e3o Financiada \ud83c\udf7d\ufe0f 6\u20ac de Subs\u00eddio de Alimenta\u00e7\u00e3o \ud83c\udf93 M\u00ednimo: 9.\u00ba ano \ud83d\udd1e Maiores de 18 anos \u23f0 Hor\u00e1rio P\u00f3s-Laboral \ud83d\udcbb Online Mais informa\u00e7\u00f5es: Objetivos Identificar os principais sinais e sintomas em situa\u00e7\u00f5es de doen\u00e7a s\u00fabita e trauma. Aplicar os procedimentos de socorrismo, de acordo com os [&hellip;]<\/p>","protected":false},"author":10,"featured_media":0,"parent":0,"menu_order":0,"comment_status":"closed","ping_status":"closed","template":"","meta":{"_acf_changed":false,"footnotes":""},"class_list":["post-3279","page","type-page","status-publish","hentry"],"acf":[],"_links":{"self":[{"href":"https:\/\/alvesrasteiro.pt\/en\/wp-json\/wp\/v2\/pages\/3279","targetHints":{"allow":["GET"]}}],"collection":[{"href":"https:\/\/alvesrasteiro.pt\/en\/wp-json\/wp\/v2\/pages"}],"about":[{"href":"https:\/\/alvesrasteiro.pt\/en\/wp-json\/wp\/v2\/types\/page"}],"author":[{"embeddable":true,"href":"https:\/\/alvesrasteiro.pt\/en\/wp-json\/wp\/v2\/users\/10"}],"replies":[{"embeddable":true,"href":"https:\/\/alvesrasteiro.pt\/en\/wp-json\/wp\/v2\/comments?post=3279"}],"version-history":[{"count":0,"href":"https:\/\/alvesrasteiro.pt\/en\/wp-json\/wp\/v2\/pages\/3279\/revisions"}],"wp:attachment":[{"href":"https:\/\/alvesrasteiro.pt\/en\/wp-json\/wp\/v2\/media?parent=3279"}],"curies":[{"name":"wp","href":"https:\/\/api.w.org\/{rel}","templated":true}]}}