{"id":3105,"date":"2025-09-26T16:36:53","date_gmt":"2025-09-26T16:36:53","guid":{"rendered":"https:\/\/alvesrasteiro.pt\/?page_id=3105"},"modified":"2026-03-04T12:54:27","modified_gmt":"2026-03-04T12:54:27","slug":"ufcd-9049","status":"publish","type":"page","link":"https:\/\/alvesrasteiro.pt\/en\/ufcd-9049\/","title":{"rendered":"UFCD &#8211; 9049"},"content":{"rendered":"<div data-elementor-type=\"wp-page\" data-elementor-id=\"3105\" class=\"elementor elementor-3105\" data-elementor-post-type=\"page\">\n\t\t\t\t<div class=\"elementor-element elementor-element-d970c13 e-flex e-con-boxed e-con e-parent\" data-id=\"d970c13\" data-element_type=\"container\">\n\t\t\t\t\t<div class=\"e-con-inner\">\n\t\t<div class=\"elementor-element elementor-element-9216b37 e-con-full e-flex e-con e-child\" data-id=\"9216b37\" data-element_type=\"container\">\n\t\t\t\t<div class=\"elementor-element elementor-element-c076d58 elementor-widget-widescreen__width-initial elementor-widget elementor-widget-image\" data-id=\"c076d58\" data-element_type=\"widget\" data-widget_type=\"image.default\">\n\t\t\t\t<div class=\"elementor-widget-container\">\n\t\t\t\t\t\t\t\t\t\t\t\t\t\t\t<img decoding=\"async\" src=\"https:\/\/alvesrasteiro.pt\/wp-content\/uploads\/elementor\/thumbs\/FMC-Gestao-de-Situacoes-de-Crise-L-outubro-2025-3-rh7twgsf1ifp7iju45vum095phwff3u4p1uakqpgqk.png\" title=\"FMC Gest\u00e3o de Situa\u00e7\u00f5es de Crise (L outubro 2025)\" alt=\"FMC Gest\u00e3o de Situa\u00e7\u00f5es de Crise (L outubro 2025)\" loading=\"lazy\" \/>\t\t\t\t\t\t\t\t\t\t\t\t\t\t\t<\/div>\n\t\t\t\t<\/div>\n\t\t\t\t<\/div>\n\t\t<div class=\"elementor-element elementor-element-9dda0ba e-con-full e-flex e-con e-child\" data-id=\"9dda0ba\" data-element_type=\"container\">\n\t\t<div class=\"elementor-element elementor-element-c84eed8 e-con-full e-flex e-con e-child\" data-id=\"c84eed8\" data-element_type=\"container\">\n\t\t\t\t<div class=\"elementor-element elementor-element-a4cc888 elementor-widget elementor-widget-heading\" data-id=\"a4cc888\" data-element_type=\"widget\" data-widget_type=\"heading.default\">\n\t\t\t\t<div class=\"elementor-widget-container\">\n\t\t\t\t\t<h4 class=\"elementor-heading-title elementor-size-default\">UFCD 9049<br><b>Gest\u00e3o de Situa\u00e7\u00f5es de Crise<\/b><\/h4>\t\t\t\t<\/div>\n\t\t\t\t<\/div>\n\t\t\t\t<\/div>\n\t\t<div class=\"elementor-element elementor-element-d085a90 e-con-full e-flex e-con e-child\" data-id=\"d085a90\" data-element_type=\"container\">\n\t\t\t\t<div class=\"elementor-element elementor-element-3693f3b elementor-widget elementor-widget-tp-button\" data-id=\"3693f3b\" data-element_type=\"widget\" data-widget_type=\"tp-button.default\">\n\t\t\t\t<div class=\"elementor-widget-container\">\n\t\t\t\t\t<div class=\"pt-plus-button-wrapper   text-center\"><div class=\"button_parallax\"><div id=\"button69e5fad0bb2dd\"  class=\"text-center ts-button content_hover_effect\" ><div class=\"pt_plus_button btn69e5fad0bb2dc button-style-18\"  ><div class=\"animted-content-inner\"><a href=\"https:\/\/mailchi.mp\/27a17594049d\/v2djpy1fx4\" class=\"button-link-wrap\" role=\"button\" data-hover=\"Quero-me inscrever!\"  ><span>Quero-me inscrever!<\/span><\/a><\/div><\/div><\/div><\/div><\/div>\t\t\t\t<\/div>\n\t\t\t\t<\/div>\n\t\t\t\t<div class=\"elementor-element elementor-element-780493c elementor-widget elementor-widget-tp-button\" data-id=\"780493c\" data-element_type=\"widget\" data-widget_type=\"tp-button.default\">\n\t\t\t\t<div class=\"elementor-widget-container\">\n\t\t\t\t\t<div class=\"pt-plus-button-wrapper   text-\"><div class=\"button_parallax\"><div id=\"button69e5fad0bb7c3\"  class=\"text- ts-button content_hover_effect\" ><div class=\"pt_plus_button btn69e5fad0bb7c2 button-style-13  hover-left\"  ><div class=\"animted-content-inner\"><a href=\"http:\/\/www.alvesrasteiro.pt\/fmc\/cronograma\/9049.pdf\" class=\"button-link-wrap\" role=\"button\" data-hover=\"\ud83d\udcc5 Cronograma \"  ><span>\ud83d\udcc5 Cronograma <\/span><\/a><\/div><\/div><\/div><\/div><\/div>\t\t\t\t<\/div>\n\t\t\t\t<\/div>\n\t\t\t\t<\/div>\n\t\t\t\t<div class=\"elementor-element elementor-element-bd34e05 elementor-widget-divider--view-line elementor-widget elementor-widget-divider\" data-id=\"bd34e05\" data-element_type=\"widget\" data-widget_type=\"divider.default\">\n\t\t\t\t<div class=\"elementor-widget-container\">\n\t\t\t\t\t\t\t<div class=\"elementor-divider\">\n\t\t\t<span class=\"elementor-divider-separator\">\n\t\t\t\t\t\t<\/span>\n\t\t<\/div>\n\t\t\t\t\t\t<\/div>\n\t\t\t\t<\/div>\n\t\t\t\t<div class=\"elementor-element elementor-element-993020e elementor-widget elementor-widget-text-editor\" data-id=\"993020e\" data-element_type=\"widget\" data-widget_type=\"text-editor.default\">\n\t\t\t\t<div class=\"elementor-widget-container\">\n\t\t\t\t\t\t\t\t\t<ul><li>\ud83d\udcda Forma\u00e7\u00e3o Financiada<\/li><li>\ud83c\udf7d\ufe0f 6\u20ac de Subs\u00eddio de Alimenta\u00e7\u00e3o<\/li><li>\ud83c\udf93 M\u00ednimo: 9.\u00ba ano<\/li><li>\ud83d\udd1e Maiores de 18 anos<\/li><li>\u23f0 Hor\u00e1rio Laboral<\/li><li>\ud83d\udcbb Online<\/li><\/ul>\t\t\t\t\t\t\t\t<\/div>\n\t\t\t\t<\/div>\n\t\t\t\t<\/div>\n\t\t\t\t\t<\/div>\n\t\t\t\t<\/div>\n\t\t<div class=\"elementor-element elementor-element-e985aab e-flex e-con-boxed e-con e-parent\" data-id=\"e985aab\" data-element_type=\"container\">\n\t\t\t\t\t<div class=\"e-con-inner\">\n\t\t\t\t<div class=\"elementor-element elementor-element-a9be78d elementor-widget elementor-widget-spacer\" data-id=\"a9be78d\" data-element_type=\"widget\" data-widget_type=\"spacer.default\">\n\t\t\t\t<div class=\"elementor-widget-container\">\n\t\t\t\t\t\t\t<div class=\"elementor-spacer\">\n\t\t\t<div class=\"elementor-spacer-inner\"><\/div>\n\t\t<\/div>\n\t\t\t\t\t\t<\/div>\n\t\t\t\t<\/div>\n\t\t\t\t<div class=\"elementor-element elementor-element-c1d8031 elementor-widget elementor-widget-heading\" data-id=\"c1d8031\" data-element_type=\"widget\" data-widget_type=\"heading.default\">\n\t\t\t\t<div class=\"elementor-widget-container\">\n\t\t\t\t\t<h4 class=\"elementor-heading-title elementor-size-default\"><b>Mais informa\u00e7\u00f5es:<\/b><\/h4>\t\t\t\t<\/div>\n\t\t\t\t<\/div>\n\t\t\t\t\t<\/div>\n\t\t\t\t<\/div>\n\t\t<div class=\"elementor-element elementor-element-cdea31a e-flex e-con-boxed e-con e-parent\" data-id=\"cdea31a\" data-element_type=\"container\">\n\t\t\t\t\t<div class=\"e-con-inner\">\n\t\t\t\t<div class=\"elementor-element elementor-element-91d12bc elementor-widget elementor-widget-tp-accordion\" data-id=\"91d12bc\" data-element_type=\"widget\" data-widget_type=\"tp-accordion.default\">\n\t\t\t\t<div class=\"elementor-widget-container\">\n\t\t\t\t\t\t\t<div class=\"theplus-accordion-wrapper elementor-accordion\" id=\"accordion69e5fad0c7fb7\" data-accordion-id=\"accordion69e5fad0c7fb7\" data-accordion-type=\"accordion\" data-toogle-speed=\"300\"   role=\"tablist\">\n\t\t\t\t\t\t\t\n\t\t\t\t<div class=\"theplus-accordion-item\">\n\t\t\t\t\t<div id=\"elementor-tab-title-1521\" class=\"elementor-tab-title plus-accordion-header 0\" tabindex=\"1521\" data-tab=\"1\" role=\"tab\" aria-controls=\"elementor-tab-content-1521\">\n\t\t\t\t\t\t<span class=\"elementor-accordion-icon elementor-accordion-icon-left\" aria-hidden=\"true\"><i class=\"elementor-accordion-icon-closed fa fa-plus\"><\/i><i class=\"elementor-accordion-icon-opened fa fa-minus\"><\/i><\/span><span style=\"width:100%\"><b>Goals<\/b><\/span>\n\t\t\t\t\t<\/div>  \n\n\t\t\t\t\t\t\t\t\t\t\t<div id=\"elementor-tab-content-1521\" class=\"elementor-tab-content elementor-clearfix plus-accordion-content 0\" data-tab=\"1\" role=\"tabpanel\" aria-labelledby=\"elementor-tab-title-1521\">\n\t\t\t\t\t\t\t<div class=\"plus-content-editor\"><ul><li>Identificar o conceito e respetivos cen\u00e1rios de situa\u00e7\u00f5es de crise.<\/li><li>Descrever os procedimentos a seguir em situa\u00e7\u00f5es de crise com vista a manter a seguran\u00e7a dos colaboradores, cliente e pessoas de entidades terceiras.<\/li><li>Planear, preparar e supervisionar as equipas para uma a\u00e7\u00e3o de forma r\u00e1pida.<\/li><\/ul><\/div>\n\t\t\t\t\t\t<\/div>\n\t\t\t\t\t\n\t\t\t\t<\/div>\n\n\t\t\t\t\t\t\t\n\t\t\t\t<div class=\"theplus-accordion-item\">\n\t\t\t\t\t<div id=\"elementor-tab-title-1522\" class=\"elementor-tab-title plus-accordion-header 0\" tabindex=\"1522\" data-tab=\"2\" role=\"tab\" aria-controls=\"elementor-tab-content-1522\">\n\t\t\t\t\t\t<span class=\"elementor-accordion-icon elementor-accordion-icon-left\" aria-hidden=\"true\"><i class=\"elementor-accordion-icon-closed fa fa-plus\"><\/i><i class=\"elementor-accordion-icon-opened fa fa-minus\"><\/i><\/span><span style=\"width:100%\"><b>Conte\u00fados<\/b><\/span>\n\t\t\t\t\t<\/div>  \n\n\t\t\t\t\t\t\t\t\t\t\t<div id=\"elementor-tab-content-1522\" class=\"elementor-tab-content elementor-clearfix plus-accordion-content 0\" data-tab=\"2\" role=\"tabpanel\" aria-labelledby=\"elementor-tab-title-1522\">\n\t\t\t\t\t\t\t<div class=\"plus-content-editor\"><ul style=\"font-size: 16px;background-color: #ffffff\"><li style=\"font-size: 16px\">Enquadramento<br \/><ul style=\"font-size: 16px\"><li style=\"font-size: 16px\">Defini\u00e7\u00e3o de crise<\/li><li style=\"font-size: 16px\">Intervenientes<\/li><li style=\"font-size: 16px\">Responsabilidades<\/li><li style=\"font-size: 16px\">Principais tarefas<\/li><li style=\"font-size: 16px\">Fases de uma crise<br \/><ul style=\"font-size: 16px\"><li style=\"font-size: 16px\">Emerg\u00eancia<\/li><li style=\"font-size: 16px\">Crise<\/li><li style=\"font-size: 16px\">Recupera\u00e7\u00e3o<\/li><\/ul><\/li><\/ul><\/li><li style=\"font-size: 16px\">Cen\u00e1rios de crise<br \/><ul style=\"font-size: 16px\"><li style=\"font-size: 16px\">Responsabilidade sobre produtos<br \/><ul style=\"font-size: 16px\"><li style=\"font-size: 16px\">Sabotagem<\/li><li style=\"font-size: 16px\">Contamina\u00e7\u00e3o<\/li><\/ul><\/li><li style=\"font-size: 16px\">Acidente com clientes<br \/><ul style=\"font-size: 16px\"><li style=\"font-size: 16px\">Acidente alimentar<\/li><li style=\"font-size: 16px\">Acidente f\u00edsico<\/li><\/ul><\/li><li style=\"font-size: 16px\">Terrorismo<br \/><ul style=\"font-size: 16px\"><li style=\"font-size: 16px\">Amea\u00e7a de bomba<\/li><li style=\"font-size: 16px\">Explos\u00e3o de bomba<\/li><li style=\"font-size: 16px\">Contamina\u00e7\u00e3o por agentes qu\u00edmicos<\/li><\/ul><\/li><li style=\"font-size: 16px\">Ato violento<br \/><ul style=\"font-size: 16px\"><li style=\"font-size: 16px\">Sequestro e ref\u00e9m<\/li><li style=\"font-size: 16px\">Assalto a carrinha de valores ou linha de caixa<\/li><li style=\"font-size: 16px\">Ocupa\u00e7\u00e3o de edif\u00edcio<\/li><li style=\"font-size: 16px\">Vandalismo<\/li><li style=\"font-size: 16px\">Extors\u00e3o<\/li><\/ul><\/li><li style=\"font-size: 16px\">Acidente na loja<br \/><ul style=\"font-size: 16px\"><li style=\"font-size: 16px\">Fires<\/li><li style=\"font-size: 16px\">Falha de sistemas vitais (ar condicionado, frio, saneamento, g\u00e1s e el\u00e9trico)<\/li><li style=\"font-size: 16px\">Desabamento ou colapso de estruturas<\/li><li style=\"font-size: 16px\">Derrame qu\u00edmico<\/li><li style=\"font-size: 16px\">Contamina\u00e7\u00e3o da \u00e1gua de abastecimento<\/li><li style=\"font-size: 16px\">Rebentamento de botijas de g\u00e1s<\/li><\/ul><\/li><li style=\"font-size: 16px\">Falha de Comunica\u00e7\u00f5es\/Sistemas<\/li><\/ul><\/li><li style=\"font-size: 16px\">Procedimentos de crise<br \/><ul style=\"font-size: 16px\"><li style=\"font-size: 16px\">Alerta<br \/><ul style=\"font-size: 16px\"><li style=\"font-size: 16px\">Matriz de escalonamento por cen\u00e1rio<\/li><\/ul><\/li><li style=\"font-size: 16px\">Ritmo de gest\u00e3o<br \/><ul style=\"font-size: 16px\"><li style=\"font-size: 16px\">An\u00e1lise da situa\u00e7\u00e3o<\/li><li style=\"font-size: 16px\">Medidas de emerg\u00eancia imediatas<\/li><li style=\"font-size: 16px\">Planeamento\/programa\u00e7\u00e3o<\/li><li style=\"font-size: 16px\">Avalia\u00e7\u00e3o da situa\u00e7\u00e3o<\/li><li style=\"font-size: 16px\">Tomada de decis\u00e3o<\/li><li style=\"font-size: 16px\">Implementa\u00e7\u00e3o de procedimentos<\/li><\/ul><\/li><li style=\"font-size: 16px\">A\u00e7\u00f5es e documentos a utilizar para cada cen\u00e1rio<\/li><\/ul><\/li><\/ul><\/div>\n\t\t\t\t\t\t<\/div>\n\t\t\t\t\t\n\t\t\t\t<\/div>\n\n\t\t\t\t\t\t\t\n\t\t\t\t<div class=\"theplus-accordion-item\">\n\t\t\t\t\t<div id=\"elementor-tab-title-1523\" class=\"elementor-tab-title plus-accordion-header 0\" tabindex=\"1523\" data-tab=\"3\" role=\"tab\" aria-controls=\"elementor-tab-content-1523\">\n\t\t\t\t\t\t<span class=\"elementor-accordion-icon elementor-accordion-icon-left\" aria-hidden=\"true\"><i class=\"elementor-accordion-icon-closed fa fa-plus\"><\/i><i class=\"elementor-accordion-icon-opened fa fa-minus\"><\/i><\/span><span style=\"width:100%\"><b>Qualifica\u00e7\u00f5es<\/b><\/span>\n\t\t\t\t\t<\/div>  \n\n\t\t\t\t\t\t\t\t\t\t\t<div id=\"elementor-tab-content-1523\" class=\"elementor-tab-content elementor-clearfix plus-accordion-content 0\" data-tab=\"3\" role=\"tabpanel\" aria-labelledby=\"elementor-tab-title-1523\">\n\t\t\t\t\t\t\t<div class=\"plus-content-editor\"><ul class=\"description-list-links\"><li class=\"ng-star-inserted\"><a>341340 \u2013 <strong>T\u00e9cnico\/a de Distribui\u00e7\u00e3o<\/strong><\/a><\/li><li class=\"ng-star-inserted\"><a>341339 \u2013 <strong>Operador\/a de Distribui\u00e7\u00e3o<\/strong><\/a><\/li><\/ul><\/div>\n\t\t\t\t\t\t<\/div>\n\t\t\t\t\t\n\t\t\t\t<\/div>\n\n\t\t\t\t\t<\/div>\n\t\t\t\t\t\t<\/div>\n\t\t\t\t<\/div>\n\t\t\t\t\t<\/div>\n\t\t\t\t<\/div>\n\t\t\t\t<\/div>","protected":false},"excerpt":{"rendered":"<p>UFCD 9049Gest\u00e3o de Situa\u00e7\u00f5es de Crise Quero-me inscrever! \ud83d\udcc5 Cronograma \ud83d\udcda Forma\u00e7\u00e3o Financiada \ud83c\udf7d\ufe0f 6\u20ac de Subs\u00eddio de Alimenta\u00e7\u00e3o \ud83c\udf93 M\u00ednimo: 9.\u00ba ano \ud83d\udd1e Maiores de 18 anos \u23f0 Hor\u00e1rio Laboral \ud83d\udcbb Online Mais informa\u00e7\u00f5es: Objetivos Identificar o conceito e respetivos cen\u00e1rios de situa\u00e7\u00f5es de crise. Descrever os procedimentos a seguir em situa\u00e7\u00f5es de crise [&hellip;]<\/p>","protected":false},"author":10,"featured_media":0,"parent":0,"menu_order":0,"comment_status":"closed","ping_status":"closed","template":"","meta":{"_acf_changed":false,"footnotes":""},"class_list":["post-3105","page","type-page","status-publish","hentry"],"acf":[],"_links":{"self":[{"href":"https:\/\/alvesrasteiro.pt\/en\/wp-json\/wp\/v2\/pages\/3105","targetHints":{"allow":["GET"]}}],"collection":[{"href":"https:\/\/alvesrasteiro.pt\/en\/wp-json\/wp\/v2\/pages"}],"about":[{"href":"https:\/\/alvesrasteiro.pt\/en\/wp-json\/wp\/v2\/types\/page"}],"author":[{"embeddable":true,"href":"https:\/\/alvesrasteiro.pt\/en\/wp-json\/wp\/v2\/users\/10"}],"replies":[{"embeddable":true,"href":"https:\/\/alvesrasteiro.pt\/en\/wp-json\/wp\/v2\/comments?post=3105"}],"version-history":[{"count":0,"href":"https:\/\/alvesrasteiro.pt\/en\/wp-json\/wp\/v2\/pages\/3105\/revisions"}],"wp:attachment":[{"href":"https:\/\/alvesrasteiro.pt\/en\/wp-json\/wp\/v2\/media?parent=3105"}],"curies":[{"name":"wp","href":"https:\/\/api.w.org\/{rel}","templated":true}]}}